{"id":4,"date":"2016-11-26T15:03:19","date_gmt":"2016-11-26T14:03:19","guid":{"rendered":"http:\/\/xn--chrbeli-braunwald-sqb.ch\/?page_id=4"},"modified":"2017-04-27T21:38:50","modified_gmt":"2017-04-27T19:38:50","slug":"ferienwohnung","status":"publish","type":"page","link":"https:\/\/xn--chrbeli-braunwald-sqb.ch\/?page_id=4","title":{"rendered":"Ferienwohnung"},"content":{"rendered":"<p>4-Zimmer Wohnung mit grossz\u00fcgiger Terrasse, K\u00fcche, Dusche und separatem WC. 1 Schlafzimmer mit Doppelbett und 1 Schlafzimmer mit Kaj\u00fcttenbett. Stube mit Bettsofa. Schlafgelegenheiten f\u00fcr 4-5 Personen.<\/p>\n<p>Weitere Infos:<\/p>\n\n<!-- Page-list plugin v.5.2 wordpress.org\/plugins\/page-list\/ -->\n<ul class=\"page-list subpages-page-list \">\n<li class=\"page_item page-item-7\"><a href=\"https:\/\/xn--chrbeli-braunwald-sqb.ch\/?page_id=7\">Inventar<\/a><\/li>\n<li class=\"page_item page-item-103\"><a href=\"https:\/\/xn--chrbeli-braunwald-sqb.ch\/?page_id=103\">Lageplan<\/a><\/li>\n\n<\/ul>\n","protected":false},"excerpt":{"rendered":"<p>4-Zimmer Wohnung mit grossz\u00fcgiger Terrasse, K\u00fcche, Dusche und separatem WC. 1 Schlafzimmer mit Doppelbett und 1 Schlafzimmer mit Kaj\u00fcttenbett. Stube mit Bettsofa. Schlafgelegenheiten f\u00fcr 4-5 Personen. Weitere Infos:<\/p>\n","protected":false},"author":1,"featured_media":0,"parent":0,"menu_order":20,"comment_status":"closed","ping_status":"closed","template":"full-width-page-template.php","meta":[],"_links":{"self":[{"href":"https:\/\/xn--chrbeli-braunwald-sqb.ch\/index.php?rest_route=\/wp\/v2\/pages\/4"}],"collection":[{"href":"https:\/\/xn--chrbeli-braunwald-sqb.ch\/index.php?rest_route=\/wp\/v2\/pages"}],"about":[{"href":"https:\/\/xn--chrbeli-braunwald-sqb.ch\/index.php?rest_route=\/wp\/v2\/types\/page"}],"author":[{"embeddable":true,"href":"https:\/\/xn--chrbeli-braunwald-sqb.ch\/index.php?rest_route=\/wp\/v2\/users\/1"}],"replies":[{"embeddable":true,"href":"https:\/\/xn--chrbeli-braunwald-sqb.ch\/index.php?rest_route=%2Fwp%2Fv2%2Fcomments&post=4"}],"version-history":[{"count":7,"href":"https:\/\/xn--chrbeli-braunwald-sqb.ch\/index.php?rest_route=\/wp\/v2\/pages\/4\/revisions"}],"predecessor-version":[{"id":222,"href":"https:\/\/xn--chrbeli-braunwald-sqb.ch\/index.php?rest_route=\/wp\/v2\/pages\/4\/revisions\/222"}],"wp:attachment":[{"href":"https:\/\/xn--chrbeli-braunwald-sqb.ch\/index.php?rest_route=%2Fwp%2Fv2%2Fmedia&parent=4"}],"curies":[{"name":"wp","href":"https:\/\/api.w.org\/{rel}","templated":true}]}}